{"id":3280,"date":"2021-07-21T12:42:25","date_gmt":"2021-07-21T10:42:25","guid":{"rendered":"https:\/\/retrospektive-film.de\/board\/?page_id=3280"},"modified":"2022-09-21T00:10:16","modified_gmt":"2022-09-20T22:10:16","slug":"aushangfotos-e","status":"publish","type":"page","link":"https:\/\/retrospektive-film.de\/board\/aushangfotos-e\/","title":{"rendered":"Aushangfotos #E\/F"},"content":{"rendered":"\n<p><strong>Eine Faust wie ein Hammer (deutsche Aushangfotos \/ german Lobbycards)<\/strong><\/p>\n\n\n\n<p>Gegen Ende der Ching Dynastie wird das \u00f6ffentliche Leben in China durch selbstherrliche Kampfsportschulen terrorisiert. Brutale Ausschreitungen gegen ordentliche B\u00fcrger sind an der Tagesordnung. Eines Tage erlebt der junge YU TIEN LUNG aus der Cheng Boxschule, wie eine von SHAO CHILINS Sch\u00fclern die G\u00e4ste eines Teehauses provoziert und greift ein. Es kommt zum Kampf und YU zieht sich den Zorn SHAOS zu. Der Vergeltungsschlag gegen die Boxschule wird vorbereitet. Ein furchtbares Gemetzel entbrennt. Nur Yu kann schwer verletzt entkommen. Er hat einen Arm verloren und entwickelt nun eine spezielle Methode f\u00fcr &#8220; K\u00f6rperbehinderte &#8222;. Dann stellt er sich erneut dem Todfeind Shao.<\/p>\n\n\n\nngg_shortcode_0_placeholder\n\n\n\n<p><\/p>\n\n\n\n<p><strong>Elmer aka Brain Damage (1988) (deutsche Aushangfotos \/ german Lobbycards \/ BRD VHS Cover)<\/strong><\/p>\n\n\n\n<p>Elmer ist ein wurmartiger Parasit, der sich in die Badewanne eines alten Ehepaares eingenistet hat. Da ihm seine Ern\u00e4hrung zu einseitig wird sucht er sich Brian als Transportmittel zu seinen Opfern um seine Begierde nach menschlichem Hirn zu stillen. Elmer bei\u00dft sich an Brians Kopf fest und injiziert ihm eine euphorieausl\u00f6sende Fl\u00fcssigkeit. Brian ist gl\u00fccklich, bis er bemerkt, dass Elmer f\u00fcr die Morde in seiner Gegend verantwortlich ist. Doch die Droge hat ihn mittlerweile so abh\u00e4ngig gemacht, dass er auf Elmer nicht mehr verzichten kann&#8230;<\/p>\n\n\n\nngg_shortcode_1_placeholder\n","protected":false},"excerpt":{"rendered":"<p>Eine Faust wie ein Hammer (deutsche Aushangfotos \/ german Lobbycards) Gegen Ende der Ching Dynastie wird das \u00f6ffentliche Leben in China durch selbstherrliche Kampfsportschulen terrorisiert. Brutale Ausschreitungen gegen ordentliche B\u00fcrger sind an der Tagesordnung. Eines Tage erlebt der junge YU TIEN LUNG aus der Cheng Boxschule, wie eine von SHAO CHILINS Sch\u00fclern die G\u00e4ste eines [&hellip;]<\/p>\n","protected":false},"author":1,"featured_media":0,"parent":0,"menu_order":0,"comment_status":"closed","ping_status":"closed","template":"","meta":{"ngg_post_thumbnail":0,"footnotes":"","_links_to":"","_links_to_target":""},"class_list":["post-3280","page","type-page","status-publish","hentry"],"_links":{"self":[{"href":"https:\/\/retrospektive-film.de\/board\/wp-json\/wp\/v2\/pages\/3280","targetHints":{"allow":["GET"]}}],"collection":[{"href":"https:\/\/retrospektive-film.de\/board\/wp-json\/wp\/v2\/pages"}],"about":[{"href":"https:\/\/retrospektive-film.de\/board\/wp-json\/wp\/v2\/types\/page"}],"author":[{"embeddable":true,"href":"https:\/\/retrospektive-film.de\/board\/wp-json\/wp\/v2\/users\/1"}],"replies":[{"embeddable":true,"href":"https:\/\/retrospektive-film.de\/board\/wp-json\/wp\/v2\/comments?post=3280"}],"version-history":[{"count":4,"href":"https:\/\/retrospektive-film.de\/board\/wp-json\/wp\/v2\/pages\/3280\/revisions"}],"predecessor-version":[{"id":5223,"href":"https:\/\/retrospektive-film.de\/board\/wp-json\/wp\/v2\/pages\/3280\/revisions\/5223"}],"wp:attachment":[{"href":"https:\/\/retrospektive-film.de\/board\/wp-json\/wp\/v2\/media?parent=3280"}],"curies":[{"name":"wp","href":"https:\/\/api.w.org\/{rel}","templated":true}]}}