{"id":3241,"date":"2021-07-21T12:36:09","date_gmt":"2021-07-21T10:36:09","guid":{"rendered":"https:\/\/retrospektive-film.de\/board\/?page_id=3241"},"modified":"2022-08-30T20:40:48","modified_gmt":"2022-08-30T18:40:48","slug":"aushangfotos-g","status":"publish","type":"page","link":"https:\/\/retrospektive-film.de\/board\/aushangfotos-g\/","title":{"rendered":"Aushangfotos #G\/H"},"content":{"rendered":"\n<p><strong>goldene Schwert des K\u00f6nigstigers, Das  (deutsche Aushangfotos \/ german Lobbycards + VHS Cover)<\/strong><\/p>\n\n\n\n<p>Als sein Diener f\u00fcr ihn sein Leben opfert, nimmt der alte Schwertmeister Chi Yu-Feng dessen Sohn als Sch\u00fcler und Sohn auf. Nach langj\u00e4hriger Ausbildung ist er bereit, die Schule des Meisters zu \u00fcbernehmen. Doch dessen Tochter kann ihre Eifersucht nicht mehr z\u00fcgeln, stellt ihm eine Falle und hackt ihm im Kampf den rechten Arm ab. Eine junge Fischerin findet und pflegt ihn. Er trainiert den Schwertkampf mit einem Arm und ger\u00e4t bald in einen Konflikt zw. Chi Yu-Feng und einem seiner Konkurrenten. Er will nun seinem alten Meister helfen&#8230;<\/p>\n\n\n\nngg_shortcode_0_placeholder\n","protected":false},"excerpt":{"rendered":"<p>goldene Schwert des K\u00f6nigstigers, Das (deutsche Aushangfotos \/ german Lobbycards + VHS Cover) Als sein Diener f\u00fcr ihn sein Leben opfert, nimmt der alte Schwertmeister Chi Yu-Feng dessen Sohn als Sch\u00fcler und Sohn auf. Nach langj\u00e4hriger Ausbildung ist er bereit, die Schule des Meisters zu \u00fcbernehmen. Doch dessen Tochter kann ihre Eifersucht nicht mehr z\u00fcgeln, [&hellip;]<\/p>\n","protected":false},"author":1,"featured_media":0,"parent":0,"menu_order":0,"comment_status":"closed","ping_status":"closed","template":"","meta":{"ngg_post_thumbnail":0,"footnotes":"","_links_to":"","_links_to_target":""},"class_list":["post-3241","page","type-page","status-publish","hentry"],"_links":{"self":[{"href":"https:\/\/retrospektive-film.de\/board\/wp-json\/wp\/v2\/pages\/3241","targetHints":{"allow":["GET"]}}],"collection":[{"href":"https:\/\/retrospektive-film.de\/board\/wp-json\/wp\/v2\/pages"}],"about":[{"href":"https:\/\/retrospektive-film.de\/board\/wp-json\/wp\/v2\/types\/page"}],"author":[{"embeddable":true,"href":"https:\/\/retrospektive-film.de\/board\/wp-json\/wp\/v2\/users\/1"}],"replies":[{"embeddable":true,"href":"https:\/\/retrospektive-film.de\/board\/wp-json\/wp\/v2\/comments?post=3241"}],"version-history":[{"count":4,"href":"https:\/\/retrospektive-film.de\/board\/wp-json\/wp\/v2\/pages\/3241\/revisions"}],"predecessor-version":[{"id":5198,"href":"https:\/\/retrospektive-film.de\/board\/wp-json\/wp\/v2\/pages\/3241\/revisions\/5198"}],"wp:attachment":[{"href":"https:\/\/retrospektive-film.de\/board\/wp-json\/wp\/v2\/media?parent=3241"}],"curies":[{"name":"wp","href":"https:\/\/api.w.org\/{rel}","templated":true}]}}