{"id":3066,"date":"2021-07-20T01:33:59","date_gmt":"2021-07-19T23:33:59","guid":{"rendered":"https:\/\/retrospektive-film.de\/board\/?page_id=3066"},"modified":"2021-07-21T12:22:47","modified_gmt":"2021-07-21T10:22:47","slug":"cover-c","status":"publish","type":"page","link":"https:\/\/retrospektive-film.de\/board\/cover-c\/","title":{"rendered":"Cover #C"},"content":{"rendered":"\n<p class=\"has-text-align-center\"><strong><a rel=\"noreferrer noopener\" href=\"https:\/\/ssl.ofdb.de\/film\/9027,Convoy\" target=\"_blank\">Convoy (USA 1978 \u2013 Action)<\/a><\/strong><\/p>\n\n\n\n<p class=\"has-text-align-center\">Nach einer Schl\u00e4gerei in einer Bar, in der sich der Trucker \u201eRubber Duck\u201c (Kris Kristofferson) mit dem sadistischen Sheriff Wallace (Ernest Borginine) angelegt hat, macht er sich mit einigen Kollegen auf die Flucht \u00fcber die Staatsgrenze. Bei der wilden Verfolgung zwischen Truckern und Polizei schlie\u00dfen sich immer mehr Truck-Fahrer dem Convoy an, um dessen Anf\u00fchrer \u201eRubber Duck\u201c zu folgen. Am Ende kommt es zum gro\u00dfen Finale zwischen den Truckern und der Polizei \u2026<\/p>\n\n\n\n<figure class=\"wp-block-table is-style-stripes\"><table><tbody><tr><td>Regie:<\/td><td>&nbsp;<\/td><td><strong><a href=\"https:\/\/ssl.ofdb.de\/view.php?page=liste&amp;Name=Sam+Peckinpah\">Sam Peckinpah<\/a><\/strong><\/td><\/tr><tr><td>Darsteller:<\/td><td>&nbsp;&nbsp;<\/td><td><strong><a href=\"https:\/\/ssl.ofdb.de\/view.php?page=liste&amp;Name=Kris+Kristofferson\">Kris Kristofferson<\/a><a href=\"https:\/\/ssl.ofdb.de\/view.php?page=liste&amp;Name=Ali+MacGraw\">,<\/a><a href=\"https:\/\/ssl.ofdb.de\/view.php?page=liste&amp;Name=Ali+MacGraw\">Ali MacGraw<\/a><a href=\"https:\/\/ssl.ofdb.de\/view.php?page=liste&amp;Name=Ernest+Borgnine\">, Ernest Borgnine<\/a><a href=\"https:\/\/ssl.ofdb.de\/view.php?page=liste&amp;Name=Burt+Young\">, Burt Young<\/a><a href=\"https:\/\/ssl.ofdb.de\/view.php?page=liste&amp;Name=Madge+Sinclair\">, Madge Sinclair<\/a><\/strong><\/td><\/tr><\/tbody><\/table><\/figure>\n\n\n\nngg_shortcode_0_placeholder\n\n\n\n<p class=\"has-text-align-center\"><strong><a href=\"https:\/\/ssl.ofdb.de\/film\/17244,The-Crippled-Masters---Die-Killer-ohne-H%C3%A4nde\">Crippled Masters \u2013 Killer ohne H\u00e4nde (Taiwan 1979 \u2013 Eastern)<\/a><\/strong><\/p>\n\n\n\n<p>Zwei junge M\u00e4nner \u2013 seit ihrer Kindheit feindlich gegeneinander eingestellt \u2013 geraten mit einer Bande von verbrechern in Schwierigkeiten. Durch eigene Unvorsehnlichkeiten werden sie von dieser gefangengenommen. Die Bestrafung wird in einem grausamen Unterwelts-Ritual vorgenommen; dem einem werden beide Arme \u2013 den aderen beide Beine verst\u00fcmmelt. Erst jetzt \u2013 durch das gemeinsame Leid \u2013 entsteht zwischen ihnen der Beginn einer Freundschaft. Gemeinsam lassen sie sich von einem Yoga-Grossmeister zu hervorragenden Kung Fu K\u00e4mpfern. Gemeinsam k\u00f6nnen sie dann in einem Kampf Rache an ihren Peinigern nehmen.<\/p>\n\n\n\n<figure class=\"wp-block-table is-style-stripes\"><table><tbody><tr><td>Regie:<\/td><td>&nbsp;&nbsp;<\/td><td><strong><a href=\"https:\/\/ssl.ofdb.de\/view.php?page=liste&amp;Name=Joe+Law+Chi\">Joe Law Chi<\/a><\/strong><\/td><\/tr><tr><td>Darsteller:<\/td><td>&nbsp;&nbsp;<\/td><td><strong><a href=\"https:\/\/ssl.ofdb.de\/view.php?page=liste&amp;Name=Frank+Shum\">Frank Shum<\/a><a href=\"https:\/\/ssl.ofdb.de\/view.php?page=liste&amp;Name=Jack+Con\">, <\/a><a href=\"https:\/\/ssl.ofdb.de\/view.php?page=liste&amp;Name=Jack+Con\">Jack Con<\/a><a href=\"https:\/\/ssl.ofdb.de\/view.php?page=liste&amp;Name=Ho+Chiu\">, Ho Chiu<\/a><a href=\"https:\/\/ssl.ofdb.de\/view.php?page=liste&amp;Name=Chen+Mu-Chuan\">, Chen Mu-Chuan<\/a><a href=\"https:\/\/ssl.ofdb.de\/view.php?page=liste&amp;Name=Li+Chung-Chien\">, Li Chung-Chien<\/a><a href=\"https:\/\/ssl.ofdb.de\/view.php?page=liste&amp;Name=Ma+Chang\">, Ma Chang<\/a><a href=\"https:\/\/ssl.ofdb.de\/view.php?page=liste&amp;Name=Cheung+Chung-Kwai\">, Cheung Chung-Kwai<\/a><a href=\"https:\/\/ssl.ofdb.de\/view.php?page=liste&amp;Name=Hsiang+Mei-Lung\">, Hsiang Mei-Lung<\/a><a href=\"https:\/\/ssl.ofdb.de\/view.php?page=liste&amp;Name=Tai+Liang\">, Tai Liang<\/a><a href=\"https:\/\/ssl.ofdb.de\/view.php?page=liste&amp;Name=Pang+San\">, Pang San<\/a>, <a href=\"https:\/\/ssl.ofdb.de\/view.php?page=liste&amp;Name=Pooi+Tak-Wan\">Pooi Tak-Wan<\/a><\/strong><\/td><\/tr><\/tbody><\/table><\/figure>\n\n\n\nngg_shortcode_1_placeholder\n","protected":false},"excerpt":{"rendered":"<p>Convoy (USA 1978 \u2013 Action) Nach einer Schl\u00e4gerei in einer Bar, in der sich der Trucker \u201eRubber Duck\u201c (Kris Kristofferson) mit dem sadistischen Sheriff Wallace (Ernest Borginine) angelegt hat, macht er sich mit einigen Kollegen auf die Flucht \u00fcber die Staatsgrenze. Bei der wilden Verfolgung zwischen Truckern und Polizei schlie\u00dfen sich immer mehr Truck-Fahrer dem [&hellip;]<\/p>\n","protected":false},"author":1,"featured_media":0,"parent":0,"menu_order":0,"comment_status":"closed","ping_status":"closed","template":"","meta":{"ngg_post_thumbnail":0,"footnotes":"","_links_to":"","_links_to_target":""},"class_list":["post-3066","page","type-page","status-publish","hentry"],"_links":{"self":[{"href":"https:\/\/retrospektive-film.de\/board\/wp-json\/wp\/v2\/pages\/3066","targetHints":{"allow":["GET"]}}],"collection":[{"href":"https:\/\/retrospektive-film.de\/board\/wp-json\/wp\/v2\/pages"}],"about":[{"href":"https:\/\/retrospektive-film.de\/board\/wp-json\/wp\/v2\/types\/page"}],"author":[{"embeddable":true,"href":"https:\/\/retrospektive-film.de\/board\/wp-json\/wp\/v2\/users\/1"}],"replies":[{"embeddable":true,"href":"https:\/\/retrospektive-film.de\/board\/wp-json\/wp\/v2\/comments?post=3066"}],"version-history":[{"count":5,"href":"https:\/\/retrospektive-film.de\/board\/wp-json\/wp\/v2\/pages\/3066\/revisions"}],"predecessor-version":[{"id":3214,"href":"https:\/\/retrospektive-film.de\/board\/wp-json\/wp\/v2\/pages\/3066\/revisions\/3214"}],"wp:attachment":[{"href":"https:\/\/retrospektive-film.de\/board\/wp-json\/wp\/v2\/media?parent=3066"}],"curies":[{"name":"wp","href":"https:\/\/api.w.org\/{rel}","templated":true}]}}